{"id":159,"date":"2025-05-25T22:29:21","date_gmt":"2025-05-25T20:29:21","guid":{"rendered":"https:\/\/barbarka.appworksdev.pl\/?page_id=159"},"modified":"2025-05-25T22:29:22","modified_gmt":"2025-05-25T20:29:22","slug":"zostan-darczynca","status":"publish","type":"page","link":"https:\/\/barbarka.appworksdev.pl\/index.php\/zostan-darczynca\/","title":{"rendered":"Zosta\u0144 darczy\u0144c\u0105"},"content":{"rendered":"","protected":false},"excerpt":{"rendered":"","protected":false},"author":1,"featured_media":0,"parent":0,"menu_order":0,"comment_status":"closed","ping_status":"closed","template":"","meta":{"_et_pb_use_builder":"","_et_pb_old_content":"","_et_gb_content_width":"","inline_featured_image":false,"footnotes":""},"class_list":["post-159","page","type-page","status-publish","hentry"],"_links":{"self":[{"href":"https:\/\/barbarka.appworksdev.pl\/index.php\/wp-json\/wp\/v2\/pages\/159","targetHints":{"allow":["GET"]}}],"collection":[{"href":"https:\/\/barbarka.appworksdev.pl\/index.php\/wp-json\/wp\/v2\/pages"}],"about":[{"href":"https:\/\/barbarka.appworksdev.pl\/index.php\/wp-json\/wp\/v2\/types\/page"}],"author":[{"embeddable":true,"href":"https:\/\/barbarka.appworksdev.pl\/index.php\/wp-json\/wp\/v2\/users\/1"}],"replies":[{"embeddable":true,"href":"https:\/\/barbarka.appworksdev.pl\/index.php\/wp-json\/wp\/v2\/comments?post=159"}],"version-history":[{"count":1,"href":"https:\/\/barbarka.appworksdev.pl\/index.php\/wp-json\/wp\/v2\/pages\/159\/revisions"}],"predecessor-version":[{"id":160,"href":"https:\/\/barbarka.appworksdev.pl\/index.php\/wp-json\/wp\/v2\/pages\/159\/revisions\/160"}],"wp:attachment":[{"href":"https:\/\/barbarka.appworksdev.pl\/index.php\/wp-json\/wp\/v2\/media?parent=159"}],"curies":[{"name":"wp","href":"https:\/\/api.w.org\/{rel}","templated":true}]}}