{"id":149,"date":"2025-05-25T22:28:23","date_gmt":"2025-05-25T20:28:23","guid":{"rendered":"https:\/\/barbarka.appworksdev.pl\/?page_id=149"},"modified":"2025-05-26T00:19:39","modified_gmt":"2025-05-25T22:19:39","slug":"15-2","status":"publish","type":"page","link":"https:\/\/barbarka.appworksdev.pl\/index.php\/15-2\/","title":{"rendered":"1,5%"},"content":{"rendered":"<p>[et_pb_section fb_built=&#8221;1&#8243; theme_builder_area=&#8221;post_content&#8221; _builder_version=&#8221;4.27.4&#8243; _module_preset=&#8221;default&#8221;][et_pb_row _builder_version=&#8221;4.27.4&#8243; _module_preset=&#8221;default&#8221; theme_builder_area=&#8221;post_content&#8221;][et_pb_column _builder_version=&#8221;4.27.4&#8243; _module_preset=&#8221;default&#8221; type=&#8221;4_4&#8243; theme_builder_area=&#8221;post_content&#8221;][et_pb_heading title=&#8221;Przeka\u017c 1.5% podatku&#8221; _builder_version=&#8221;4.27.4&#8243; _module_preset=&#8221;default&#8221; theme_builder_area=&#8221;post_content&#8221; hover_enabled=&#8221;0&#8243; sticky_enabled=&#8221;0&#8243;][\/et_pb_heading][\/et_pb_column][\/et_pb_row][et_pb_row _builder_version=&#8221;4.27.4&#8243; _module_preset=&#8221;default&#8221; theme_builder_area=&#8221;post_content&#8221; column_structure=&#8221;1_2,1_2&#8243;][et_pb_column _builder_version=&#8221;4.27.4&#8243; _module_preset=&#8221;default&#8221; type=&#8221;1_2&#8243; theme_builder_area=&#8221;post_content&#8221;][et_pb_text _builder_version=&#8221;4.27.4&#8243; _module_preset=&#8221;default&#8221; theme_builder_area=&#8221;post_content&#8221; hover_enabled=&#8221;0&#8243; sticky_enabled=&#8221;0&#8243;]<\/p>\n<div class=\"small-12 columns\">\n<h3 class=\"csc-firstHeader\">Jak przekaza\u0107 1,5% Stowarzyszeniu &#8222;Tilia&#8221;<\/h3>\n<h4><\/h4>\n<\/div>\n<div class=\"small-12 columns \">\n<p>W czasie wype\u0142niania formularza PIT w rubryce nr 132 wpisz numer KRS Stowarzyszenia &#8222;Tilia&#8221; tj. 0000028517, za\u015b w rubryce nr 133 kwot\u0119 r\u00f3wn\u0105 1,5 % od sumy nale\u017cnego podatku.<\/p>\n<\/div>\n<p>[\/et_pb_text][dsm_perspective_image src=&#8221;http:\/\/barbarka.appworksdev.pl\/wp-content\/uploads\/2025\/05\/csm_PIT_cecf36983f.png&#8221; _builder_version=&#8221;4.27.4&#8243; _module_preset=&#8221;default&#8221; theme_builder_area=&#8221;post_content&#8221; title_text=&#8221;csm_PIT_cecf36983f&#8221; hover_enabled=&#8221;0&#8243; sticky_enabled=&#8221;0&#8243; show_in_lightbox=&#8221;on&#8221;][\/dsm_perspective_image][et_pb_text _builder_version=&#8221;4.27.4&#8243; _module_preset=&#8221;default&#8221; theme_builder_area=&#8221;post_content&#8221; hover_enabled=&#8221;0&#8243; sticky_enabled=&#8221;0&#8243;]<\/p>\n<p>Dowolne kwoty na rzecz Stowarzyszenia prosimy przekazywa\u0107 na konto:<\/p>\n<p><b>5615401 304203 5890 058950001<\/b><\/p>\n<p>[\/et_pb_text][dsm_perspective_image src=&#8221;http:\/\/barbarka.appworksdev.pl\/wp-content\/uploads\/2025\/05\/jezr.png&#8221; _builder_version=&#8221;4.27.4&#8243; _module_preset=&#8221;default&#8221; theme_builder_area=&#8221;post_content&#8221; title_text=&#8221;jezr&#8221; max_width=&#8221;150px&#8221; hover_enabled=&#8221;0&#8243; sticky_enabled=&#8221;0&#8243; align=&#8221;right&#8221; width=&#8221;100%&#8221; positioning=&#8221;absolute&#8221; position_origin_a=&#8221;bottom_right&#8221;][\/dsm_perspective_image][\/et_pb_column][et_pb_column _builder_version=&#8221;4.27.4&#8243; _module_preset=&#8221;default&#8221; type=&#8221;1_2&#8243; theme_builder_area=&#8221;post_content&#8221;][dsm_perspective_image src=&#8221;http:\/\/barbarka.appworksdev.pl\/wp-content\/uploads\/2025\/05\/Przekaz_1_5__pomniejszone-min.png&#8221; _builder_version=&#8221;4.27.4&#8243; _module_preset=&#8221;default&#8221; theme_builder_area=&#8221;post_content&#8221; title_text=&#8221;Przekaz_1_5__pomniejszone-min&#8221; hover_enabled=&#8221;0&#8243; sticky_enabled=&#8221;0&#8243; show_in_lightbox=&#8221;on&#8221;][\/dsm_perspective_image][\/et_pb_column][\/et_pb_row][\/et_pb_section]<\/p>\n","protected":false},"excerpt":{"rendered":"<p>Jak przekaza\u0107 1,5% Stowarzyszeniu &#8222;Tilia&#8221; W czasie wype\u0142niania formularza PIT w rubryce nr 132 wpisz numer KRS Stowarzyszenia &#8222;Tilia&#8221; tj. 0000028517, za\u015b w rubryce nr 133 kwot\u0119 r\u00f3wn\u0105 1,5 % od sumy nale\u017cnego podatku. <div class=\"et_pb_module dsm_perspective_image dsm_perspective_image_0\">\n\t\t\t\t\n\t\t\t\t\n\t\t\t\t\n\t\t\t\t\n\t\t\t\t\n\t\t\t\t\n\t\t\t\t<div class=\"et_pb_module_inner\">\n\t\t\t\t\t<div class=\"dsm-perspective-image-wrapper et_always_center_on_mobile\">\n\t\t\t\t\n\t\t\t\t\n\t\t\t\t<a href=\"http:\/\/barbarka.appworksdev.pl\/wp-content\/uploads\/2025\/05\/csm_PIT_cecf36983f.png\" class=\"et_pb_lightbox_image dsm-image-lightbox\" title=\"csm_PIT_cecf36983f\" alt=\"\" data-mfp-src=\"http:\/\/barbarka.appworksdev.pl\/wp-content\/uploads\/2025\/05\/csm_PIT_cecf36983f.png\" data-dsm-lightbox-id=\"dsm_perspective_image_0\"><span class=\"et_pb_image_wrap \"><img decoding=\"async\" src=\"http:\/\/barbarka.appworksdev.pl\/wp-content\/uploads\/2025\/05\/csm_PIT_cecf36983f.png\" alt=\"\" title=\"csm_PIT_cecf36983f\" \/><\/span><\/a>\n\t\t\t<\/div>\n\t\t\t\t<\/div>\n\t\t\t<\/div>Dowolne kwoty na rzecz Stowarzyszenia prosimy przekazywa\u0107 na konto: 5615401 304203 5890 058950001<div class=\"et_pb_module dsm_perspective_image dsm_perspective_image_1\">\n\t\t\t\t\n\t\t\t\t\n\t\t\t\t\n\t\t\t\t\n\t\t\t\t\n\t\t\t\t\n\t\t\t\t<div class=\"et_pb_module_inner\">\n\t\t\t\t\t<div class=\"dsm-perspective-image-wrapper et_always_center_on_mobile\">\n\t\t\t\t\n\t\t\t\t\n\t\t\t\t<span class=\"et_pb_image_wrap \"><img decoding=\"async\" src=\"http:\/\/barbarka.appworksdev.pl\/wp-content\/uploads\/2025\/05\/jezr.png\" alt=\"\" title=\"jezr\" \/><\/span>\n\t\t\t<\/div>\n\t\t\t\t<\/div>\n\t\t\t<\/div><div class=\"et_pb_module dsm_perspective_image dsm_perspective_image_2\">\n\t\t\t\t\n\t\t\t\t\n\t\t\t\t\n\t\t\t\t\n\t\t\t\t\n\t\t\t\t\n\t\t\t\t<div class=\"et_pb_module_inner\">\n\t\t\t\t\t<div class=\"dsm-perspective-image-wrapper et_always_center_on_mobile\">\n\t\t\t\t\n\t\t\t\t\n\t\t\t\t<a href=\"http:\/\/barbarka.appworksdev.pl\/wp-content\/uploads\/2025\/05\/Przekaz_1_5__pomniejszone-min.png\" class=\"et_pb_lightbox_image dsm-image-lightbox\" title=\"Przekaz_1_5__pomniejszone-min\" alt=\"\" data-mfp-src=\"http:\/\/barbarka.appworksdev.pl\/wp-content\/uploads\/2025\/05\/Przekaz_1_5__pomniejszone-min.png\" data-dsm-lightbox-id=\"dsm_perspective_image_2\"><span class=\"et_pb_image_wrap \"><img decoding=\"async\" src=\"http:\/\/barbarka.appworksdev.pl\/wp-content\/uploads\/2025\/05\/Przekaz_1_5__pomniejszone-min.png\" alt=\"\" title=\"Przekaz_1_5__pomniejszone-min\" \/><\/span><\/a>\n\t\t\t<\/div>\n\t\t\t\t<\/div>\n\t\t\t<\/div><\/p>\n","protected":false},"author":1,"featured_media":0,"parent":0,"menu_order":0,"comment_status":"closed","ping_status":"closed","template":"","meta":{"_et_pb_use_builder":"on","_et_pb_old_content":"<!-- wp:divi\/placeholder \/-->","_et_gb_content_width":"","inline_featured_image":false,"footnotes":""},"class_list":["post-149","page","type-page","status-publish","hentry"],"_links":{"self":[{"href":"https:\/\/barbarka.appworksdev.pl\/index.php\/wp-json\/wp\/v2\/pages\/149","targetHints":{"allow":["GET"]}}],"collection":[{"href":"https:\/\/barbarka.appworksdev.pl\/index.php\/wp-json\/wp\/v2\/pages"}],"about":[{"href":"https:\/\/barbarka.appworksdev.pl\/index.php\/wp-json\/wp\/v2\/types\/page"}],"author":[{"embeddable":true,"href":"https:\/\/barbarka.appworksdev.pl\/index.php\/wp-json\/wp\/v2\/users\/1"}],"replies":[{"embeddable":true,"href":"https:\/\/barbarka.appworksdev.pl\/index.php\/wp-json\/wp\/v2\/comments?post=149"}],"version-history":[{"count":5,"href":"https:\/\/barbarka.appworksdev.pl\/index.php\/wp-json\/wp\/v2\/pages\/149\/revisions"}],"predecessor-version":[{"id":225,"href":"https:\/\/barbarka.appworksdev.pl\/index.php\/wp-json\/wp\/v2\/pages\/149\/revisions\/225"}],"wp:attachment":[{"href":"https:\/\/barbarka.appworksdev.pl\/index.php\/wp-json\/wp\/v2\/media?parent=149"}],"curies":[{"name":"wp","href":"https:\/\/api.w.org\/{rel}","templated":true}]}}