{"id":111,"date":"2025-05-25T22:24:01","date_gmt":"2025-05-25T20:24:01","guid":{"rendered":"https:\/\/barbarka.appworksdev.pl\/?page_id=111"},"modified":"2025-05-25T23:57:09","modified_gmt":"2025-05-25T21:57:09","slug":"dojazd","status":"publish","type":"page","link":"https:\/\/barbarka.appworksdev.pl\/index.php\/dojazd\/","title":{"rendered":"Dojazd"},"content":{"rendered":"<p>[et_pb_section fb_built=&#8221;1&#8243; _builder_version=&#8221;4.27.4&#8243; _module_preset=&#8221;default&#8221; global_colors_info=&#8221;{}&#8221;][et_pb_row _builder_version=&#8221;4.27.4&#8243; _module_preset=&#8221;default&#8221; global_colors_info=&#8221;{}&#8221;][et_pb_column type=&#8221;4_4&#8243; _builder_version=&#8221;4.27.4&#8243; _module_preset=&#8221;default&#8221; global_colors_info=&#8221;{}&#8221;][et_pb_heading title=&#8221;Dojazd&#8221; _builder_version=&#8221;4.27.4&#8243; _module_preset=&#8221;default&#8221; global_colors_info=&#8221;{}&#8221;][\/et_pb_heading][\/et_pb_column][\/et_pb_row][et_pb_row column_structure=&#8221;3_5,2_5&#8243; _builder_version=&#8221;4.27.4&#8243; _module_preset=&#8221;default&#8221; global_colors_info=&#8221;{}&#8221;][et_pb_column type=&#8221;3_5&#8243; _builder_version=&#8221;4.27.4&#8243; _module_preset=&#8221;default&#8221; global_colors_info=&#8221;{}&#8221;][et_pb_text _builder_version=&#8221;4.27.4&#8243; _module_preset=&#8221;default&#8221; global_colors_info=&#8221;{}&#8221;]<\/p>\n<p>W celu dotarcia do Szko\u0142y Le\u015bnej na Barbarce autobusem wycieczkowym lub samochodem nale\u017cy porusza\u0107 si\u0119 w kierunku Unis\u0142awia nast\u0119puj\u0105cymi ulicami Torunia:<\/p>\n<p>Szos\u0105 Che\u0142mi\u0144sk\u0105 \/kierunek Wrzosy\/ -nast\u0119pnie poza Toruniem drog\u0105 na Unis\u0142aw \/ok. 1km\/ po czym nale\u017cy skr\u0119ci\u0107 w lewo w ul. Przysieck\u0105 \/drogowskaz Barbarka\/ &#8211; Osada Le\u015bna Barbarka uka\u017ce si\u0119 po przebyciu 1,5 km prostej drogi\/.<\/p>\n<p>&nbsp;<\/p>\n<p>Mapka dla grup wycieczkowych wysiadaj\u0105cych na p\u0119tli autobusowej linii 27, 12, 31 i 16 przy ul. Pawiej na Wrzosach. Odleg\u0142o\u015b\u0107 do Szko\u0142y Le\u015bnej na Barbarce wynosi ok. 3 km drog\u0105 poprzez Le\u015bnictwo Wrzosy \/nale\u017cy skr\u0119ci\u0107 w lewo przy pomniku przyrody &#8211; d\u0119bie szypu\u0142kowym lub ok. 5 km drog\u0105 poprzez ul. Przysieck\u0105.<\/p>\n<p>Ponadto by u\u0142atwi\u0107 dojazd na Barbark\u0119 wybrane kursy autobus\u00f3w linii 31 wyd\u0142u\u017cone zosta\u0142y do Osady Le\u015bnej Barbarka<\/p>\n<p>[\/et_pb_text][\/et_pb_column][et_pb_column type=&#8221;2_5&#8243; _builder_version=&#8221;4.27.4&#8243; _module_preset=&#8221;default&#8221; global_colors_info=&#8221;{}&#8221;][dsm_perspective_image src=&#8221;http:\/\/barbarka.appworksdev.pl\/wp-content\/uploads\/2025\/05\/mapa.jpg&#8221; title_text=&#8221;mapa&#8221; _builder_version=&#8221;4.27.4&#8243; _module_preset=&#8221;default&#8221; hover_enabled=&#8221;0&#8243; global_colors_info=&#8221;{}&#8221; show_in_lightbox=&#8221;on&#8221; sticky_enabled=&#8221;0&#8243;][\/dsm_perspective_image][\/et_pb_column][\/et_pb_row][\/et_pb_section]<\/p>\n","protected":false},"excerpt":{"rendered":"<p>W celu dotarcia do Szko\u0142y Le\u015bnej na Barbarce autobusem wycieczkowym lub samochodem nale\u017cy porusza\u0107 si\u0119 w kierunku Unis\u0142awia nast\u0119puj\u0105cymi ulicami Torunia: Szos\u0105 Che\u0142mi\u0144sk\u0105 \/kierunek Wrzosy\/ -nast\u0119pnie poza Toruniem drog\u0105 na Unis\u0142aw \/ok. 1km\/ po czym nale\u017cy skr\u0119ci\u0107 w lewo w ul. Przysieck\u0105 \/drogowskaz Barbarka\/ &#8211; Osada Le\u015bna Barbarka uka\u017ce si\u0119 po przebyciu 1,5 km prostej drogi\/. &nbsp; Mapka dla grup wycieczkowych wysiadaj\u0105cych na p\u0119tli autobusowej linii 27, 12, 31 i 16 przy ul. Pawiej na Wrzosach. Odleg\u0142o\u015b\u0107 do Szko\u0142y Le\u015bnej na Barbarce wynosi ok. 3 km drog\u0105 poprzez Le\u015bnictwo Wrzosy \/nale\u017cy skr\u0119ci\u0107 w lewo przy pomniku przyrody &#8211; d\u0119bie szypu\u0142kowym lub ok. 5 km drog\u0105 poprzez ul. Przysieck\u0105. Ponadto by u\u0142atwi\u0107 dojazd na Barbark\u0119 wybrane kursy autobus\u00f3w linii 31 wyd\u0142u\u017cone zosta\u0142y do Osady Le\u015bnej Barbarka<div class=\"et_pb_module dsm_perspective_image dsm_perspective_image_0\">\n\t\t\t\t\n\t\t\t\t\n\t\t\t\t\n\t\t\t\t\n\t\t\t\t\n\t\t\t\t\n\t\t\t\t<div class=\"et_pb_module_inner\">\n\t\t\t\t\t<div class=\"dsm-perspective-image-wrapper et_always_center_on_mobile\">\n\t\t\t\t\n\t\t\t\t\n\t\t\t\t<a href=\"http:\/\/barbarka.appworksdev.pl\/wp-content\/uploads\/2025\/05\/mapa.jpg\" class=\"et_pb_lightbox_image dsm-image-lightbox\" title=\"mapa\" alt=\"\" data-mfp-src=\"http:\/\/barbarka.appworksdev.pl\/wp-content\/uploads\/2025\/05\/mapa.jpg\" data-dsm-lightbox-id=\"dsm_perspective_image_0\"><span class=\"et_pb_image_wrap \"><img decoding=\"async\" src=\"http:\/\/barbarka.appworksdev.pl\/wp-content\/uploads\/2025\/05\/mapa.jpg\" alt=\"\" title=\"mapa\" \/><\/span><\/a>\n\t\t\t<\/div>\n\t\t\t\t<\/div>\n\t\t\t<\/div><\/p>\n","protected":false},"author":1,"featured_media":0,"parent":0,"menu_order":0,"comment_status":"closed","ping_status":"closed","template":"","meta":{"_et_pb_use_builder":"on","_et_pb_old_content":"<!-- wp:divi\/placeholder \/-->","_et_gb_content_width":"","inline_featured_image":false,"footnotes":""},"class_list":["post-111","page","type-page","status-publish","hentry"],"_links":{"self":[{"href":"https:\/\/barbarka.appworksdev.pl\/index.php\/wp-json\/wp\/v2\/pages\/111","targetHints":{"allow":["GET"]}}],"collection":[{"href":"https:\/\/barbarka.appworksdev.pl\/index.php\/wp-json\/wp\/v2\/pages"}],"about":[{"href":"https:\/\/barbarka.appworksdev.pl\/index.php\/wp-json\/wp\/v2\/types\/page"}],"author":[{"embeddable":true,"href":"https:\/\/barbarka.appworksdev.pl\/index.php\/wp-json\/wp\/v2\/users\/1"}],"replies":[{"embeddable":true,"href":"https:\/\/barbarka.appworksdev.pl\/index.php\/wp-json\/wp\/v2\/comments?post=111"}],"version-history":[{"count":4,"href":"https:\/\/barbarka.appworksdev.pl\/index.php\/wp-json\/wp\/v2\/pages\/111\/revisions"}],"predecessor-version":[{"id":219,"href":"https:\/\/barbarka.appworksdev.pl\/index.php\/wp-json\/wp\/v2\/pages\/111\/revisions\/219"}],"wp:attachment":[{"href":"https:\/\/barbarka.appworksdev.pl\/index.php\/wp-json\/wp\/v2\/media?parent=111"}],"curies":[{"name":"wp","href":"https:\/\/api.w.org\/{rel}","templated":true}]}}